{"id":15253,"date":"2025-02-04T18:22:41","date_gmt":"2025-02-04T17:22:41","guid":{"rendered":"https:\/\/demo3.mastersite.it\/solutions-pour-criblage-et-recyclage\/reti-in-gomma\/"},"modified":"2025-03-07T12:30:28","modified_gmt":"2025-03-07T11:30:28","slug":"tamis-en-caoutchouc","status":"publish","type":"page","link":"https:\/\/www.sovatec.it\/fr\/solutions-pour-criblage-et-recyclage\/tamis-en-caoutchouc\/","title":{"rendered":"Tamis en caoutchouc"},"content":{"rendered":"<p><div class=\"fusion-fullwidth fullwidth-box fusion-builder-row-1 fusion-flex-container has-pattern-background has-mask-background fusion-parallax-none nonhundred-percent-fullwidth non-hundred-percent-height-scrolling lazyload\" style=\"--awb-background-position:center bottom;--awb-border-radius-top-left:0px;--awb-border-radius-top-right:0px;--awb-border-radius-bottom-right:0px;--awb-border-radius-bottom-left:0px;--awb-padding-top:0px;--awb-padding-bottom:0px;--awb-margin-top:0px;--awb-margin-bottom:60px;--awb-min-height:450px;--awb-background-size:cover;--awb-flex-wrap:wrap;\" data-bg=\"https:\/\/www.sovatec.it\/wp-content\/uploads\/2025\/02\/reti-in-gomma-header.webp\" ><div class=\"fusion-builder-row fusion-row fusion-flex-align-items-center fusion-flex-align-content-center fusion-flex-content-wrap\" style=\"max-width:1248px;margin-left: calc(-4% \/ 2 );margin-right: calc(-4% \/ 2 );\"><div class=\"fusion-layout-column fusion_builder_column fusion-builder-column-0 fusion_builder_column_1_2 1_2 fusion-flex-column fusion-animated\" style=\"--awb-bg-size:cover;--awb-width-large:50%;--awb-spacing-right-large:3.84%;--awb-margin-bottom-large:0px;--awb-spacing-left-large:3.84%;--awb-width-medium:66.666666666667%;--awb-order-medium:0;--awb-spacing-right-medium:2.88%;--awb-spacing-left-medium:2.88%;--awb-width-small:100%;--awb-order-small:0;--awb-spacing-right-small:1.92%;--awb-spacing-left-small:1.92%;\" data-animationType=\"fadeInDown\" data-animationDuration=\"1.0\" data-animationDelay=\"1.0\" data-animationOffset=\"top-into-view\" data-scroll-devices=\"small-visibility,medium-visibility,large-visibility\"><div class=\"fusion-column-wrapper fusion-column-has-shadow fusion-flex-justify-content-center fusion-content-layout-column\"><div class=\"fusion-title title fusion-title-1 fusion-sep-none fusion-title-text fusion-title-size-one\" style=\"--awb-text-color:var(--awb-color1);\"><h1 class=\"fusion-title-heading title-heading-left fusion-responsive-typography-calculated\" style=\"margin:0;text-transform:none;--fontSize:65;line-height:var(--awb-typography1-line-height);\">Tamis en caoutchouc<\/h1><\/div><\/div><\/div><\/div><\/div><div class=\"fusion-fullwidth fullwidth-box fusion-builder-row-2 fusion-flex-container has-pattern-background has-mask-background nonhundred-percent-fullwidth non-hundred-percent-height-scrolling\" style=\"--awb-border-radius-top-left:0px;--awb-border-radius-top-right:0px;--awb-border-radius-bottom-right:0px;--awb-border-radius-bottom-left:0px;--awb-margin-top:60px;--awb-margin-bottom:60px;--awb-flex-wrap:wrap;\" ><div class=\"fusion-builder-row fusion-row fusion-flex-align-items-flex-start fusion-flex-content-wrap\" style=\"max-width:1248px;margin-left: calc(-4% \/ 2 );margin-right: calc(-4% \/ 2 );\"><div class=\"fusion-layout-column fusion_builder_column fusion-builder-column-1 fusion_builder_column_1_1 1_1 fusion-flex-column\" style=\"--awb-bg-size:cover;--awb-width-large:100%;--awb-spacing-right-large:1.92%;--awb-margin-bottom-large:0px;--awb-spacing-left-large:1.92%;--awb-width-medium:100%;--awb-order-medium:0;--awb-spacing-right-medium:1.92%;--awb-spacing-left-medium:1.92%;--awb-width-small:100%;--awb-order-small:0;--awb-spacing-right-small:1.92%;--awb-spacing-left-small:1.92%;\"><div class=\"fusion-column-wrapper fusion-column-has-shadow fusion-flex-justify-content-flex-start fusion-content-layout-column\"><nav class=\"fusion-breadcrumbs fusion-breadcrumbs-1\" style=\"--awb-margin-bottom:20px;--awb-text-hover-color:var(--awb-custom_color_1);--awb-text-color:var(--awb-color4);--awb-breadcrumb-sep:&#039;|&#039;;\" aria-label=\"Breadcrumb\"><ol class=\"awb-breadcrumb-list\"><\/ol><\/nav>\n<div class=\"fusion-title title fusion-title-2 fusion-sep-none fusion-title-text fusion-title-size-two\"><h2 class=\"fusion-title-heading title-heading-left fusion-responsive-typography-calculated\" style=\"margin:0;--fontSize:60;line-height:1.3;\">Tamis en caoutchouc<\/h2><\/div><div class=\"fusion-text fusion-text-1 fusion-text-no-margin\" style=\"--awb-margin-top:60px;--awb-margin-bottom:60px;\"><p>Les tamis en caoutchouc sont largement utilis\u00e9s dans l'industrie des mines et des carri\u00e8res, gr\u00e2ce \u00e0 leur excellentes propri\u00e9t\u00e9s:<\/p>\n<p>\u2022 haute r\u00e9sistance \u00e0 l'usure et<br \/>\naux chocs<br \/>\n\u2022 flexibilit\u00e9 et capacit\u00e9 \u00e0 tamiser les mati\u00e8res obstruantes<br \/>\n\u2022 absence de corrosion<br \/>\n\u2022 forte r\u00e9duction du bruit<br \/>\n\u2022 disponibilit\u00e9 de diff\u00e9rentes qualit\u00e9s et duret\u00e9s<\/p>\n<p>Sovatec produit des tamis en caoutchouc des types suivants:<br \/>\n\u2022 tamis avec crochets de tension lat\u00e9raux<br \/>\n\u2022 tamis autoportants<\/p>\n<p>Les tamis sont fournis avec les dimensions et les trous requis par le client. Des trous carr\u00e9s, ronds ou rectangulaires sont possibles.<\/p>\n<\/div><div class=\"fusion-post-cards fusion-post-cards-1 fusion-grid-archive fusion-grid-columns-3\" style=\"--awb-column-spacing:60px;--awb-dots-align:center;--awb-columns:3;--awb-active-filter-border-size:3px;--awb-filters-height:36px;--awb-row-spacing:60px;\"><ul class=\"fusion-grid fusion-grid-3 fusion-flex-align-items-stretch fusion-grid-posts-cards\"><li class=\"fusion-layout-column fusion_builder_column fusion-builder-column-2 fusion-flex-column post-card fusion-grid-column fusion-post-cards-grid-column\" style=\"--awb-bg-color:var(--awb-color5);--awb-bg-color-hover:var(--awb-custom_color_1);--awb-bg-blend:overlay;--awb-bg-size:cover;--awb-flex-grow:0;--awb-flex-shrink:0;--awb-flex-grow-medium:0;--awb-flex-shrink-medium:0;--awb-flex-grow-small:0;--awb-flex-shrink-small:0;\" data-scroll-devices=\"small-visibility,medium-visibility,large-visibility\"><div class=\"fusion-column-wrapper fusion-column-has-shadow fusion-flex-justify-content-flex-start fusion-content-layout-column\"><div class=\"fusion-image-element \" style=\"--awb-caption-overlay-color:var(--awb-color1);--awb-caption-title-font-family:var(--h2_typography-font-family);--awb-caption-title-font-weight:var(--h2_typography-font-weight);--awb-caption-title-font-style:var(--h2_typography-font-style);--awb-caption-title-size:var(--h2_typography-font-size);--awb-caption-title-transform:var(--h2_typography-text-transform);--awb-caption-title-line-height:var(--h2_typography-line-height);--awb-caption-title-letter-spacing:var(--h2_typography-letter-spacing);\"><span class=\" fusion-imageframe imageframe-none imageframe-1 hover-type-zoomin\"><a class=\"fusion-no-lightbox\" href=\"https:\/\/www.sovatec.it\/fr\/projects\/tamis-tensionnes\/\" target=\"_self\" aria-label=\"reti tensionate\"><img decoding=\"async\" width=\"920\" height=\"920\" src=\"https:\/\/www.sovatec.it\/wp-content\/uploads\/2025\/02\/reti-tensionate.webp\" data-orig-src=\"https:\/\/www.sovatec.it\/wp-content\/uploads\/2025\/02\/reti-tensionate.webp\" alt class=\"lazyload img-responsive wp-image-10261\" srcset=\"data:image\/svg+xml,%3Csvg%20xmlns%3D%27http%3A%2F%2Fwww.w3.org%2F2000%2Fsvg%27%20width%3D%27920%27%20height%3D%27920%27%20viewBox%3D%270%200%20920%20920%27%3E%3Crect%20width%3D%27920%27%20height%3D%27920%27%20fill-opacity%3D%220%22%2F%3E%3C%2Fsvg%3E\" data-srcset=\"https:\/\/www.sovatec.it\/wp-content\/uploads\/2025\/02\/reti-tensionate-66x66.webp 66w, https:\/\/www.sovatec.it\/wp-content\/uploads\/2025\/02\/reti-tensionate-150x150.webp 150w, https:\/\/www.sovatec.it\/wp-content\/uploads\/2025\/02\/reti-tensionate-200x200.webp 200w, https:\/\/www.sovatec.it\/wp-content\/uploads\/2025\/02\/reti-tensionate-300x300.webp 300w, https:\/\/www.sovatec.it\/wp-content\/uploads\/2025\/02\/reti-tensionate-400x400.webp 400w, https:\/\/www.sovatec.it\/wp-content\/uploads\/2025\/02\/reti-tensionate-600x600.webp 600w, https:\/\/www.sovatec.it\/wp-content\/uploads\/2025\/02\/reti-tensionate-768x768.webp 768w, https:\/\/www.sovatec.it\/wp-content\/uploads\/2025\/02\/reti-tensionate-800x800.webp 800w, https:\/\/www.sovatec.it\/wp-content\/uploads\/2025\/02\/reti-tensionate.webp 920w\" data-sizes=\"auto\" data-orig-sizes=\"(max-width: 800px) 100vw, 920px\" \/><\/a><\/span><\/div><div class=\"fusion-builder-row fusion-builder-row-inner fusion-row fusion-flex-align-items-flex-start fusion-flex-content-wrap\" style=\"width:104% !important;max-width:104% !important;margin-left: calc(-4% \/ 2 );margin-right: calc(-4% \/ 2 );\"><div class=\"fusion-layout-column fusion_builder_column_inner fusion-builder-nested-column-0 fusion_builder_column_inner_1_1 1_1 fusion-flex-column\" style=\"--awb-padding-right:50px;--awb-padding-left:50px;--awb-padding-left-small:40px;--awb-bg-size:cover;--awb-transform:translateY(-35px);--awb-transform-hover:translateY(-90px);--awb-transform-parent-hover:translateY(-90px);--awb-width-large:100%;--awb-spacing-right-large:1.92%;--awb-margin-bottom-large:0px;--awb-spacing-left-large:1.92%;--awb-width-medium:100%;--awb-order-medium:0;--awb-spacing-right-medium:1.92%;--awb-spacing-left-medium:1.92%;--awb-width-small:100%;--awb-order-small:0;--awb-spacing-right-small:1.92%;--awb-spacing-left-small:1.92%;\"><div class=\"fusion-column-wrapper fusion-column-has-shadow fusion-flex-justify-content-flex-start fusion-content-layout-column\"><div style=\"text-align:right;\"><a class=\"fusion-button button-flat fusion-button-default-size button-custom fusion-button-default button-1 fusion-button-default-span fusion-button-default-type fusion-has-button-gradient\" style=\"--button_accent_color:var(--awb-color1);--button_accent_hover_color:var(--awb-color1);--button_border_hover_color:var(--awb-color1);--button_gradient_angle:130deg;--button_gradient_start:82%;--button_gradient_end:82%;--button_gradient_top_color:hsla(var(--awb-color4-h),var(--awb-color4-s),calc(var(--awb-color4-l) + 2%),var(--awb-color4-a));--button_gradient_bottom_color:hsla(var(--awb-custom_color_1-h),var(--awb-custom_color_1-s),calc(var(--awb-custom_color_1-l) - 5%),var(--awb-custom_color_1-a));--button_gradient_top_color_hover:hsla(var(--awb-custom_color_1-h),var(--awb-custom_color_1-s),calc(var(--awb-custom_color_1-l) - 5%),var(--awb-custom_color_1-a));--button_gradient_bottom_color_hover:hsla(var(--awb-custom_color_1-h),var(--awb-custom_color_1-s),calc(var(--awb-custom_color_1-l) - 5%),var(--awb-custom_color_1-a));--button_font_size:18px;--button_padding-top:20px;--button_padding-right:12px;--button_padding-bottom:20px;--button_padding-left:24px;\" target=\"_self\" data-hover=\"bg_slide_left\" href=\"https:\/\/www.sovatec.it\/fr\/projects\/tamis-tensionnes\/\"><i class=\"awb-factoryarrow-right awb-button__icon awb-button__icon--default awb-button__icon--no-margin button-icon-left\" aria-hidden=\"true\"><\/i><span class=\"fusion-button-text awb-button__text awb-button__text--default\"><\/span><\/a><\/div><\/div><\/div><\/div><div class=\"fusion-builder-row fusion-builder-row-inner fusion-row fusion-flex-align-items-flex-start fusion-flex-content-wrap\" style=\"width:104% !important;max-width:104% !important;margin-left: calc(-4% \/ 2 );margin-right: calc(-4% \/ 2 );\"><div class=\"fusion-layout-column fusion_builder_column_inner fusion-builder-nested-column-1 fusion_builder_column_inner_1_1 1_1 fusion-flex-column\" style=\"--awb-padding-right:50px;--awb-padding-bottom:40px;--awb-padding-left:50px;--awb-padding-right-small:40px;--awb-padding-left-small:40px;--awb-bg-size:cover;--awb-width-large:100%;--awb-margin-top-large:-10px;--awb-spacing-right-large:1.92%;--awb-margin-bottom-large:0px;--awb-spacing-left-large:1.92%;--awb-width-medium:100%;--awb-order-medium:0;--awb-spacing-right-medium:1.92%;--awb-spacing-left-medium:1.92%;--awb-width-small:100%;--awb-order-small:0;--awb-spacing-right-small:1.92%;--awb-spacing-left-small:1.92%;\"><div class=\"fusion-column-wrapper fusion-column-has-shadow fusion-flex-justify-content-flex-start fusion-content-layout-column\"><div class=\"fusion-title title fusion-title-3 fusion-sep-none fusion-title-text fusion-title-size-four\" style=\"--awb-margin-bottom:10px;--awb-margin-bottom-small:20px;--awb-margin-bottom-medium:15px;--awb-link-hover-color:var(--awb-color5);--awb-font-size:24px;\"><h4 class=\"fusion-title-heading title-heading-left fusion-responsive-typography-calculated\" style=\"margin:0;font-size:1em;--fontSize:24;--minFontSize:24;line-height:1.4;\"><a href=\"https:\/\/www.sovatec.it\/fr\/projects\/tamis-tensionnes\/\" class=\"awb-custom-text-color awb-custom-text-hover-color\" target=\"_self\">Tamis tensionnes<\/a><\/h4><\/div><\/div><\/div><\/div><\/div><\/li>\n<li class=\"fusion-layout-column fusion_builder_column fusion-builder-column-3 fusion-flex-column post-card fusion-grid-column fusion-post-cards-grid-column\" style=\"--awb-bg-color:var(--awb-color5);--awb-bg-color-hover:var(--awb-custom_color_1);--awb-bg-blend:overlay;--awb-bg-size:cover;--awb-flex-grow:0;--awb-flex-shrink:0;--awb-flex-grow-medium:0;--awb-flex-shrink-medium:0;--awb-flex-grow-small:0;--awb-flex-shrink-small:0;\" data-scroll-devices=\"small-visibility,medium-visibility,large-visibility\"><div class=\"fusion-column-wrapper fusion-column-has-shadow fusion-flex-justify-content-flex-start fusion-content-layout-column\"><div class=\"fusion-image-element \" style=\"--awb-caption-overlay-color:var(--awb-color1);--awb-caption-title-font-family:var(--h2_typography-font-family);--awb-caption-title-font-weight:var(--h2_typography-font-weight);--awb-caption-title-font-style:var(--h2_typography-font-style);--awb-caption-title-size:var(--h2_typography-font-size);--awb-caption-title-transform:var(--h2_typography-text-transform);--awb-caption-title-line-height:var(--h2_typography-line-height);--awb-caption-title-letter-spacing:var(--h2_typography-letter-spacing);\"><span class=\" fusion-imageframe imageframe-none imageframe-2 hover-type-zoomin\"><a class=\"fusion-no-lightbox\" href=\"https:\/\/www.sovatec.it\/fr\/projects\/autoportantes\/\" target=\"_self\" aria-label=\"reti autoportanti3\"><img decoding=\"async\" width=\"920\" height=\"920\" src=\"https:\/\/www.sovatec.it\/wp-content\/uploads\/2025\/02\/reti-autoportanti3.webp\" data-orig-src=\"https:\/\/www.sovatec.it\/wp-content\/uploads\/2025\/02\/reti-autoportanti3.webp\" alt class=\"lazyload img-responsive wp-image-10909\" srcset=\"data:image\/svg+xml,%3Csvg%20xmlns%3D%27http%3A%2F%2Fwww.w3.org%2F2000%2Fsvg%27%20width%3D%27920%27%20height%3D%27920%27%20viewBox%3D%270%200%20920%20920%27%3E%3Crect%20width%3D%27920%27%20height%3D%27920%27%20fill-opacity%3D%220%22%2F%3E%3C%2Fsvg%3E\" data-srcset=\"https:\/\/www.sovatec.it\/wp-content\/uploads\/2025\/02\/reti-autoportanti3-66x66.webp 66w, https:\/\/www.sovatec.it\/wp-content\/uploads\/2025\/02\/reti-autoportanti3-150x150.webp 150w, https:\/\/www.sovatec.it\/wp-content\/uploads\/2025\/02\/reti-autoportanti3-200x200.webp 200w, https:\/\/www.sovatec.it\/wp-content\/uploads\/2025\/02\/reti-autoportanti3-300x300.webp 300w, https:\/\/www.sovatec.it\/wp-content\/uploads\/2025\/02\/reti-autoportanti3-400x400.webp 400w, https:\/\/www.sovatec.it\/wp-content\/uploads\/2025\/02\/reti-autoportanti3-600x600.webp 600w, https:\/\/www.sovatec.it\/wp-content\/uploads\/2025\/02\/reti-autoportanti3-768x768.webp 768w, https:\/\/www.sovatec.it\/wp-content\/uploads\/2025\/02\/reti-autoportanti3-800x800.webp 800w, https:\/\/www.sovatec.it\/wp-content\/uploads\/2025\/02\/reti-autoportanti3.webp 920w\" data-sizes=\"auto\" data-orig-sizes=\"(max-width: 800px) 100vw, 920px\" \/><\/a><\/span><\/div><div class=\"fusion-builder-row fusion-builder-row-inner fusion-row fusion-flex-align-items-flex-start fusion-flex-content-wrap\" style=\"width:104% !important;max-width:104% !important;margin-left: calc(-4% \/ 2 );margin-right: calc(-4% \/ 2 );\"><div class=\"fusion-layout-column fusion_builder_column_inner fusion-builder-nested-column-2 fusion_builder_column_inner_1_1 1_1 fusion-flex-column\" style=\"--awb-padding-right:50px;--awb-padding-left:50px;--awb-padding-left-small:40px;--awb-bg-size:cover;--awb-transform:translateY(-35px);--awb-transform-hover:translateY(-90px);--awb-transform-parent-hover:translateY(-90px);--awb-width-large:100%;--awb-spacing-right-large:1.92%;--awb-margin-bottom-large:0px;--awb-spacing-left-large:1.92%;--awb-width-medium:100%;--awb-order-medium:0;--awb-spacing-right-medium:1.92%;--awb-spacing-left-medium:1.92%;--awb-width-small:100%;--awb-order-small:0;--awb-spacing-right-small:1.92%;--awb-spacing-left-small:1.92%;\"><div class=\"fusion-column-wrapper fusion-column-has-shadow fusion-flex-justify-content-flex-start fusion-content-layout-column\"><div style=\"text-align:right;\"><a class=\"fusion-button button-flat fusion-button-default-size button-custom fusion-button-default button-2 fusion-button-default-span fusion-button-default-type fusion-has-button-gradient\" style=\"--button_accent_color:var(--awb-color1);--button_accent_hover_color:var(--awb-color1);--button_border_hover_color:var(--awb-color1);--button_gradient_angle:130deg;--button_gradient_start:82%;--button_gradient_end:82%;--button_gradient_top_color:hsla(var(--awb-color4-h),var(--awb-color4-s),calc(var(--awb-color4-l) + 2%),var(--awb-color4-a));--button_gradient_bottom_color:hsla(var(--awb-custom_color_1-h),var(--awb-custom_color_1-s),calc(var(--awb-custom_color_1-l) - 5%),var(--awb-custom_color_1-a));--button_gradient_top_color_hover:hsla(var(--awb-custom_color_1-h),var(--awb-custom_color_1-s),calc(var(--awb-custom_color_1-l) - 5%),var(--awb-custom_color_1-a));--button_gradient_bottom_color_hover:hsla(var(--awb-custom_color_1-h),var(--awb-custom_color_1-s),calc(var(--awb-custom_color_1-l) - 5%),var(--awb-custom_color_1-a));--button_font_size:18px;--button_padding-top:20px;--button_padding-right:12px;--button_padding-bottom:20px;--button_padding-left:24px;\" target=\"_self\" data-hover=\"bg_slide_left\" href=\"https:\/\/www.sovatec.it\/fr\/projects\/autoportantes\/\"><i class=\"awb-factoryarrow-right awb-button__icon awb-button__icon--default awb-button__icon--no-margin button-icon-left\" aria-hidden=\"true\"><\/i><span class=\"fusion-button-text awb-button__text awb-button__text--default\"><\/span><\/a><\/div><\/div><\/div><\/div><div class=\"fusion-builder-row fusion-builder-row-inner fusion-row fusion-flex-align-items-flex-start fusion-flex-content-wrap\" style=\"width:104% !important;max-width:104% !important;margin-left: calc(-4% \/ 2 );margin-right: calc(-4% \/ 2 );\"><div class=\"fusion-layout-column fusion_builder_column_inner fusion-builder-nested-column-3 fusion_builder_column_inner_1_1 1_1 fusion-flex-column\" style=\"--awb-padding-right:50px;--awb-padding-bottom:40px;--awb-padding-left:50px;--awb-padding-right-small:40px;--awb-padding-left-small:40px;--awb-bg-size:cover;--awb-width-large:100%;--awb-margin-top-large:-10px;--awb-spacing-right-large:1.92%;--awb-margin-bottom-large:0px;--awb-spacing-left-large:1.92%;--awb-width-medium:100%;--awb-order-medium:0;--awb-spacing-right-medium:1.92%;--awb-spacing-left-medium:1.92%;--awb-width-small:100%;--awb-order-small:0;--awb-spacing-right-small:1.92%;--awb-spacing-left-small:1.92%;\"><div class=\"fusion-column-wrapper fusion-column-has-shadow fusion-flex-justify-content-flex-start fusion-content-layout-column\"><div class=\"fusion-title title fusion-title-4 fusion-sep-none fusion-title-text fusion-title-size-four\" style=\"--awb-margin-bottom:10px;--awb-margin-bottom-small:20px;--awb-margin-bottom-medium:15px;--awb-link-hover-color:var(--awb-color5);--awb-font-size:24px;\"><h4 class=\"fusion-title-heading title-heading-left fusion-responsive-typography-calculated\" style=\"margin:0;font-size:1em;--fontSize:24;--minFontSize:24;line-height:1.4;\"><a href=\"https:\/\/www.sovatec.it\/fr\/projects\/autoportantes\/\" class=\"awb-custom-text-color awb-custom-text-hover-color\" target=\"_self\">Autoportantes<\/a><\/h4><\/div><\/div><\/div><\/div><\/div><\/li>\n<\/ul><\/div><\/div><\/div><\/div><\/div><div class=\"fusion-fullwidth fullwidth-box fusion-builder-row-3 fusion-flex-container nonhundred-percent-fullwidth non-hundred-percent-height-scrolling\" style=\"--awb-border-radius-top-left:0px;--awb-border-radius-top-right:0px;--awb-border-radius-bottom-right:0px;--awb-border-radius-bottom-left:0px;--awb-flex-wrap:wrap;\" ><div class=\"fusion-builder-row fusion-row fusion-flex-align-items-flex-start fusion-flex-content-wrap\" style=\"max-width:1248px;margin-left: calc(-4% \/ 2 );margin-right: calc(-4% \/ 2 );\"><div class=\"fusion-layout-column fusion_builder_column fusion-builder-column-4 fusion_builder_column_1_1 1_1 fusion-flex-column\" style=\"--awb-bg-size:cover;--awb-width-large:100%;--awb-flex-grow:0;--awb-flex-shrink:0;--awb-margin-top-large:0px;--awb-spacing-right-large:1.92%;--awb-margin-bottom-large:0px;--awb-spacing-left-large:1.92%;--awb-width-medium:100%;--awb-flex-grow-medium:0;--awb-flex-shrink-medium:0;--awb-spacing-right-medium:1.92%;--awb-spacing-left-medium:1.92%;--awb-width-small:100%;--awb-flex-grow-small:0;--awb-flex-shrink-small:0;--awb-spacing-right-small:1.92%;--awb-spacing-left-small:1.92%;\"><div class=\"fusion-column-wrapper fusion-flex-justify-content-flex-start fusion-content-layout-column\"><div class=\"fusion-text fusion-text-2\"><p>fusion_global=\"14869\u2033]<\/p>\n<\/div><\/div><\/div><\/div><\/div><\/p>\n","protected":false},"excerpt":{"rendered":"","protected":false},"author":1,"featured_media":0,"parent":13873,"menu_order":0,"comment_status":"closed","ping_status":"closed","template":"100-width.php","meta":{"footnotes":""},"class_list":["post-15253","page","type-page","status-publish","hentry"],"_links":{"self":[{"href":"https:\/\/www.sovatec.it\/fr\/wp-json\/wp\/v2\/pages\/15253","targetHints":{"allow":["GET"]}}],"collection":[{"href":"https:\/\/www.sovatec.it\/fr\/wp-json\/wp\/v2\/pages"}],"about":[{"href":"https:\/\/www.sovatec.it\/fr\/wp-json\/wp\/v2\/types\/page"}],"author":[{"embeddable":true,"href":"https:\/\/www.sovatec.it\/fr\/wp-json\/wp\/v2\/users\/1"}],"replies":[{"embeddable":true,"href":"https:\/\/www.sovatec.it\/fr\/wp-json\/wp\/v2\/comments?post=15253"}],"version-history":[{"count":3,"href":"https:\/\/www.sovatec.it\/fr\/wp-json\/wp\/v2\/pages\/15253\/revisions"}],"predecessor-version":[{"id":15321,"href":"https:\/\/www.sovatec.it\/fr\/wp-json\/wp\/v2\/pages\/15253\/revisions\/15321"}],"up":[{"embeddable":true,"href":"https:\/\/www.sovatec.it\/fr\/wp-json\/wp\/v2\/pages\/13873"}],"wp:attachment":[{"href":"https:\/\/www.sovatec.it\/fr\/wp-json\/wp\/v2\/media?parent=15253"}],"curies":[{"name":"wp","href":"https:\/\/api.w.org\/{rel}","templated":true}]}}